{"id":3574,"date":"2012-09-27T09:31:09","date_gmt":"2012-09-27T08:31:09","guid":{"rendered":"http:\/\/www.cocondedecoration.com\/blog\/?page_id=3574"},"modified":"2021-01-04T17:59:16","modified_gmt":"2021-01-04T15:59:16","slug":"partenariat-presse","status":"publish","type":"page","link":"https:\/\/www.cocondedecoration.com\/blog\/partenariat-presse\/","title":{"rendered":"Partenariat &#8211; Presse"},"content":{"rendered":"\n<p><strong>Bienvenue sur la page de contact du blog \ud83d\ude42\u00a0<\/strong><br><strong>Je vais essayer d'organiser mes propos que ce soit clair pour tout le monde.\u00a0<\/strong><\/p>\n\n\n\n<h2 class=\"wp-block-heading\">2021 - Je suis \u00e0 la recherche d'un(e) super stagiaire <\/h2>\n\n\n\n<div class=\"wp-block-image\"><figure class=\"aligncenter\"><img loading=\"lazy\" decoding=\"async\" width=\"2245\" height=\"1587\" src=\"http:\/\/www.cocondedecoration.com\/blog\/wp-content\/uploads\/2021\/01\/offre-stage-communication.jpg\" alt=\"offre stage communication \" class=\"wp-image-33299\" srcset=\"https:\/\/www.cocondedecoration.com\/blog\/wp-content\/uploads\/2021\/01\/offre-stage-communication.jpg 2245w, https:\/\/www.cocondedecoration.com\/blog\/wp-content\/uploads\/2021\/01\/offre-stage-communication-260x184.jpg 260w, https:\/\/www.cocondedecoration.com\/blog\/wp-content\/uploads\/2021\/01\/offre-stage-communication-768x543.jpg 768w, https:\/\/www.cocondedecoration.com\/blog\/wp-content\/uploads\/2021\/01\/offre-stage-communication-640x452.jpg 640w, https:\/\/www.cocondedecoration.com\/blog\/wp-content\/uploads\/2021\/01\/offre-stage-communication-465x329.jpg 465w, https:\/\/www.cocondedecoration.com\/blog\/wp-content\/uploads\/2021\/01\/offre-stage-communication-695x491.jpg 695w\" sizes=\"(max-width: 2245px) 100vw, 2245px\" \/><figcaption>Un(e) super stagiaire,  c'est comme un stagiaire mais avec une cape! Mais m\u00eame sans cape, vous pouvez postuler \ud83d\ude09 <\/figcaption><\/figure><\/div>\n\n\n\n<div class=\"wp-block-columns has-2-columns is-layout-flex wp-container-core-columns-layout-1 wp-block-columns-is-layout-flex\">\n<div class=\"wp-block-column is-layout-flow wp-block-column-is-layout-flow\">\n<p style=\"text-align:center\" class=\"has-medium-font-size\">Super stagiaire - Profil recherch\u00e9 <\/p>\n\n\n\n<ul><li>Fille, gar\u00e7on, non binaire -> peu importe <\/li><li>Majeur(e) et dans un cursus d'\u00e9tudes sup\u00e9rieures (Bac+2, +3, +4\/...) dans le domaine de la communication <\/li><li>Avoir un certain int\u00e9r\u00eat pour la d\u00e9coration, le domaine de la maison (non n\u00e9gociable) et \u00eatre un poil curieux(se)<\/li><li>Avoir de bonnes connaissances sur l'\u00e9cologie, le mode de vie slow, les alternatives modernes en mati\u00e8re d'art de vivre et de d\u00e9coration \/ maison <\/li><li>Savoir \u00e9crire fran\u00e7ais comme il faut + un peu de vocabulaire <\/li><li>Avoir des connaissances en SEO et en storytelling <\/li><li>Avoir des connaissances en communication traditionnelle <\/li><li>Avoir des bases solides en community management<\/li><li>Etre rigoureux(se), savoir travailler seul(e) de chez soi, \u00eatre fort(e) de proposition <\/li><li>Etre autonome et organis\u00e9(e) <\/li><li>Les plus: savoir utiliser WordPress, Keynote, diff\u00e9rents outils de planification, Canva + notions en affiliation <\/li><\/ul>\n\n\n\n<p style=\"text-align:center\" class=\"has-medium-font-size\">Profil super stagiaire voyage <\/p>\n\n\n\n<p>Vous r\u00eavez de devenir digital nomade apr\u00e8s vos \u00e9tudes et vous voulez vous essayer \u00e0 la communication autour du voyage sur le blog. Pourquoi pas! En revanche, je demande pour cette partie du blog, des profils atypiques: vous \u00eates enfant d'expat, vous avez \u00e9tudi\u00e9 \u00e0 l'\u00e9tranger, vous avez fait une ann\u00e9e de c\u00e9sure pour voyager... Ca me parle. <\/p>\n<\/div>\n\n\n\n<div class=\"wp-block-column is-layout-flow wp-block-column-is-layout-flow\">\n<p style=\"text-align:center\" class=\"has-medium-font-size\">Condition du stage <\/p>\n\n\n\n<ul><li>Exclusivement en t\u00e9l\u00e9travail (non n\u00e9gociable, je suis \u00e0 l'\u00e9tranger) <\/li><li>Minimum 4 semaines <\/li><li>Stage non r\u00e9mun\u00e9r\u00e9 <\/li><li>Missions \u00e0 d\u00e9finir selon votre cursus <\/li><\/ul>\n\n\n\n<p style=\"text-align:center\" class=\"has-medium-font-size\">Pour postuler <\/p>\n\n\n\n<p>M'envoyer votre CV par mail et une lettre de motivation agr\u00e9able \u00e0 lire o\u00f9 vous m'expliquez en quoi vous \u00eates super. <br>Avant de m'envoyer tout \u00e7a, je vous demande de v\u00e9rifier avec vos profs si le t\u00e9l\u00e9travail pour votre stage est possible. (Apr\u00e8s 2020, j'aime \u00e0 croire que certains profs n'y sont plus tant r\u00e9fractaires...) <br>Mon adresse mail est plus bas sur cette page \ud83d\ude42 <\/p>\n\n\n\n<p style=\"text-align:center\" class=\"has-medium-font-size\">Qu'est-ce que vous apportera ce stage? <\/p>\n\n\n\n<ul><li>Une grande libert\u00e9 - si vous voulez faire votre stage en pyjama dans votre lit, c'est vous qui voyez! <\/li><li>Une grande  \u00e9coute - si vous avez des id\u00e9es, elles seront \u00e9cout\u00e9es avec beaucoup d'attention et si elles tiennent la route, elles seront mises en oeuvre <\/li><li>Un cadre de travail libre mais rigoureux - je vais passer du temps \u00e0 vous encadrer m\u00eame si vous n'\u00eates pas sous mes yeux. <\/li><li>De l'exp\u00e9rience dans la r\u00e9daction web &amp; l'animation de communaut\u00e9 <\/li><\/ul>\n<\/div>\n<\/div>\n\n\n\n<h2 class=\"wp-block-heading\">Vous \u00eates un particulier<\/h2>\n\n\n\n<div class=\"wp-block-columns has-2-columns is-layout-flex wp-container-core-columns-layout-2 wp-block-columns-is-layout-flex\">\n<div class=\"wp-block-column is-layout-flow wp-block-column-is-layout-flow\">\n<p>Je ne suis pas une boutique en ligne. Je ne connais pas la r\u00e9f\u00e9rences de tous les produits pr\u00e9sent\u00e9s sur le blog. Si je peux vous aider, je le ferai mais par exp\u00e9rience, c'est rare. <\/p>\n\n\n\n<p>Je ne suis plus d\u00e9coratrice, je ne fais normalement plus de projets d\u00e9co pour les particuliers. <\/p>\n<\/div>\n\n\n\n<div class=\"wp-block-column is-layout-flow wp-block-column-is-layout-flow\">\n<p>Si vous avez une id\u00e9e d'article que vous aimeriez lire sur le blog, n'h\u00e9sitez pas \u00e0 m'en faire part. <\/p>\n\n\n\n<p>Si vous souhaitez vous d\u00e9sinscrire des newsletter, contactez-moi aussi par mail en me sp\u00e9cifiant \u00e0 quelle newsletter vous \u00eates inscrit(e). Dans chaque newsletter, il y a un lien pour faire vous-m\u00eame cette op\u00e9ration, si vous le souhaitez.<\/p>\n<\/div>\n<\/div>\n\n\n\n<h2 class=\"wp-block-heading\">Vous \u00eates un professionnel? Ouvrez bien vos yeux<\/h2>\n\n\n\n<div class=\"wp-block-columns has-2-columns is-layout-flex wp-container-core-columns-layout-3 wp-block-columns-is-layout-flex\">\n<div class=\"wp-block-column is-layout-flow wp-block-column-is-layout-flow\">\n<p>J'arr\u00eate de faire de l'\u00e9ducatif avec les pros. Il y a ceux qui savent se comporter comme des \u00eatres humains et les autres. Pour bien commencer votre mail, le \"Bonjour Julie\" marche mieux que rien. <\/p>\n\n\n\n<p>Je ne travaille pas gratuitement, je ne suis ni l'Abb\u00e9 Pierre, ni un temple hindou!<\/p>\n\n\n\n<p>Vous \u00eates une petite entreprise fran\u00e7aise? N'h\u00e9sitez pas \u00e0 me contacter! <\/p>\n<\/div>\n\n\n\n<div class=\"wp-block-column is-layout-flow wp-block-column-is-layout-flow\">\n<p style=\"text-align:center\" class=\"has-medium-font-size\">Non c'est non<\/p>\n\n\n\n<ul><li>Agence de presse - je ne vous donne pas l'autorisation d'ajouter mon adresse mail \u00e0 votre listing de presse (contactez moi vraiment, je r\u00eave de relations presses qui ont du sens!) <\/li><li>Echanges de liens = non <\/li><li>Liens vers des sites porno, jeux d'argent, banques, casinos, qui n'arien \u00e0 voir avec ce dont je parle = non <\/li><li>Affiliation = non <\/li><\/ul>\n<\/div>\n<\/div>\n\n\n\n<p style=\"text-align:center\" class=\"has-medium-font-size\">Voil\u00e0 le Saint Graal, mon adresse mail: <br>julie.hembert[[[@]]]gmail.com<\/p>\n\n\n\n<h3 class=\"wp-block-heading\">Quelques infos sur ma mani\u00e8re de travailler<\/h3>\n\n\n\n<ul><li>Je suis un humain, il m'arrive d'\u00eatre de mauvais poil.<\/li><li>Je suis un humain pas un jambon.<\/li><li><strong>Si je vous tends la main, ne me bouffez pas le bras<\/strong>. (Sp\u00e9ciale d\u00e9dicace aux fran\u00e7ais qui en veulent toujours plus sans payer plus!)<\/li><li>Je suis relativement bilingue, si vous \u00eates plus \u00e0 l'aise en anglais, il n'y a pas de probl\u00e8me.<\/li><li>Je suis un humain qui ne vit pas d'amour et d'eau fraiche. (L'amour, j'ai ce qu'il me faut. L'eau fraiche c'est un luxe en Asie).<\/li><li>Je ne vis pas en France ce qui veut dire: d\u00e9calage horaire, mentalit\u00e9 diff\u00e9rente, parfois une tourista qui arrive sans s'annoncer, voyages et transports plus longs que les v\u00f4tres en France. Je travaille aussi souvent la nuit et le weekend, ce qui veut dire qu'il arrive parfois que vous puissiez recevoir des mails en pleine nuit.<\/li><li>Je n'ai plus 20 ans, je n'ai plus de thyro\u00efde, donc si je suis fatigu\u00e9e, il faudra composer avec. (C'est rare mais \u00e7a arrive et g\u00e9n\u00e9ralement c'est pr\u00e9vu donc je vous en parle avant si on est d\u00e9j\u00e0 en train d'\u00e9changer des mails).<\/li><li>Je suis super sympa quand on me prend dans le sens du poil.<\/li><li>J'ai un humour merdique et si vous avez des blagues nulles, je suis preneuse!<\/li><li>Je vous remercie d'\u00eatre arriv\u00e9 jusque ici. Ca ne vous offrira pas de ristourne ou de bon d'achat. Mais sachez que les personnes qui souhaitent me contacter, dans la grande majorit\u00e9 des cas, ne lisent pas ce que j'\u00e9cris.<\/li><li>S'il vous plait ne me dites pas que mon blog est g\u00e9nial si vous ne l'avez pas lu et que vous ne savez pas que je vis \u00e0 l'\u00e9tranger.<\/li><li>J'adore les gros mots et j'ai le mot \"fuck\" tatou\u00e9 sur le bras et un corbillard sur la cuisse.<\/li><\/ul>\n\n\n\n<p><strong>Bonne journ\u00e9e!&nbsp;<\/strong><br><strong>- Julie -&nbsp;<\/strong><\/p>\n\n\n\n<p>MAJ Janvier 2021<\/p>\n","protected":false},"excerpt":{"rendered":"<p>Bienvenue sur la page de contact du blog \ud83d\ude42\u00a0Je vais essayer d&rsquo;organiser mes propos que ce soit clair pour tout le monde.\u00a0 2021 &#8211; Je suis \u00e0 la recherche d&rsquo;un(e) super stagiaire Super stagiaire &#8211; Profil recherch\u00e9 Fille, gar\u00e7on, non binaire -> peu importe Majeur(e) et dans un cursus d&rsquo;\u00e9tudes<span class=\"more-link\"><a href=\"https:\/\/www.cocondedecoration.com\/blog\/partenariat-presse\/\">Lire la suite<\/a><\/span><\/p>\n","protected":false},"author":1,"featured_media":0,"parent":0,"menu_order":0,"comment_status":"open","ping_status":"open","template":"","meta":{"om_disable_all_campaigns":false,"_monsterinsights_skip_tracking":false,"_monsterinsights_sitenote_active":false,"_monsterinsights_sitenote_note":"","_monsterinsights_sitenote_category":0,"_uf_show_specific_survey":0,"_uf_disable_surveys":false,"footnotes":""},"aioseo_notices":[],"_links":{"self":[{"href":"https:\/\/www.cocondedecoration.com\/blog\/wp-json\/wp\/v2\/pages\/3574"}],"collection":[{"href":"https:\/\/www.cocondedecoration.com\/blog\/wp-json\/wp\/v2\/pages"}],"about":[{"href":"https:\/\/www.cocondedecoration.com\/blog\/wp-json\/wp\/v2\/types\/page"}],"author":[{"embeddable":true,"href":"https:\/\/www.cocondedecoration.com\/blog\/wp-json\/wp\/v2\/users\/1"}],"replies":[{"embeddable":true,"href":"https:\/\/www.cocondedecoration.com\/blog\/wp-json\/wp\/v2\/comments?post=3574"}],"version-history":[{"count":0,"href":"https:\/\/www.cocondedecoration.com\/blog\/wp-json\/wp\/v2\/pages\/3574\/revisions"}],"wp:attachment":[{"href":"https:\/\/www.cocondedecoration.com\/blog\/wp-json\/wp\/v2\/media?parent=3574"}],"curies":[{"name":"wp","href":"https:\/\/api.w.org\/{rel}","templated":true}]}}