{"id":2191,"date":"2011-12-22T00:11:39","date_gmt":"2011-12-21T23:11:39","guid":{"rendered":"http:\/\/www.cocondedecoration.com\/blog\/?page_id=2191"},"modified":"2026-02-12T10:02:59","modified_gmt":"2026-02-12T08:02:59","slug":"a-propos-de-cocon-de-decoration","status":"publish","type":"page","link":"https:\/\/www.cocondedecoration.com\/blog\/a-propos-de-cocon-de-decoration\/","title":{"rendered":"A propos du blog Cocon &#8211; d\u00e9coration et slow living"},"content":{"rendered":"\n<div class=\"wp-block-columns is-layout-flex wp-container-core-columns-layout-1 wp-block-columns-is-layout-flex\">\n<div class=\"wp-block-column is-layout-flow wp-block-column-is-layout-flow\">\n<p>Bienvenue sur le blog Cocon | d\u00e9coration &amp; slow living. 2026, il \u00e9tait temps de mettre \u00e0 jour cette page \u00e0 propos qui avec les ann\u00e9es \u00e9tait devenue un peu brouillon. Ici, je vais vous expliquer ce qui anime le blog, qui je suis, pourquoi je blogue. Bonne lecture!<\/p>\n\n\n\n<div style=\"height:50px\" aria-hidden=\"true\" class=\"wp-block-spacer\"><\/div>\n\n\n\n<blockquote class=\"wp-block-quote\">\n<p>It doesn't matter whether you live in a house, a flat or a boat, it's love that turns wherever you live into a home.<br><em>Peu importe que vous viviez dans une maison, un appartement ou un bateau, c'est l'amour qui transforme n'importe quel lieu de vie en un foyer.<\/em><\/p>\n<cite>Harry Styles <\/cite><\/blockquote>\n\n\n\n<div style=\"height:50px\" aria-hidden=\"true\" class=\"wp-block-spacer\"><\/div>\n\n\n\n<h2 class=\"wp-block-heading\">De quoi est-il question sur le blog Cocon | d\u00e9coration &amp; slow living?<\/h2>\n\n\n\n<h3 class=\"wp-block-heading\">Un blog pour mener \u00e0 bien et concr\u00e9tiser ses projets d\u00e9co<\/h3>\n\n\n\n<p>La r\u00e9ponse est un tantinet dans le titre du blog mais ici je vais t\u00e2cher de d\u00e9velopper les deux id\u00e9es principales du blog. Cocon est avant tout un blog de d\u00e9co. Vous y trouverez diff\u00e9rents types de contenus relatifs \u00e0 la maison au sens large du terme. Mon but, ce qui anime ma d\u00e9marche est de vous aider \u00e0 cr\u00e9er un int\u00e9rieur qui vous ressemble et dans lequel vous vous sentirez bien. Et je fais en sorte de vous proposer des articles pour les diff\u00e9rentes \u00e9tapes de votre projet d\u00e9co.<\/p>\n<\/div>\n\n\n\n<div class=\"wp-block-column is-layout-flow wp-block-column-is-layout-flow\">\n<figure class=\"wp-block-image size-large\"><a href=\"https:\/\/www.cocondedecoration.com\/blog\/wp-content\/uploads\/2026\/02\/a-propos-blog-cocon-decoration.001.jpeg\"><img loading=\"lazy\" decoding=\"async\" width=\"640\" height=\"960\" src=\"https:\/\/www.cocondedecoration.com\/blog\/wp-content\/uploads\/2026\/02\/a-propos-blog-cocon-decoration.001-640x960.jpeg\" alt=\"a propos blog Cocon de d\u00e9coration et slow living\" class=\"wp-image-88003\" title=\"a propos blog Cocon de d\u00e9coration et slow living\" srcset=\"https:\/\/www.cocondedecoration.com\/blog\/wp-content\/uploads\/2026\/02\/a-propos-blog-cocon-decoration.001-640x960.jpeg 640w, https:\/\/www.cocondedecoration.com\/blog\/wp-content\/uploads\/2026\/02\/a-propos-blog-cocon-decoration.001-260x390.jpeg 260w, https:\/\/www.cocondedecoration.com\/blog\/wp-content\/uploads\/2026\/02\/a-propos-blog-cocon-decoration.001-768x1152.jpeg 768w, https:\/\/www.cocondedecoration.com\/blog\/wp-content\/uploads\/2026\/02\/a-propos-blog-cocon-decoration.001-367x550.jpeg 367w, https:\/\/www.cocondedecoration.com\/blog\/wp-content\/uploads\/2026\/02\/a-propos-blog-cocon-decoration.001-333x500.jpeg 333w, https:\/\/www.cocondedecoration.com\/blog\/wp-content\/uploads\/2026\/02\/a-propos-blog-cocon-decoration.001.jpeg 1000w\" sizes=\"(max-width: 640px) 100vw, 640px\" \/><\/a><\/figure>\n<\/div>\n<\/div>\n\n\n\n<ul>\n<li>inspirations pour trouver quelle d\u00e9co mettre en oeuvre chez vous<\/li>\n\n\n\n<li>conseils pour mettre en oeuvre votre projet<\/li>\n\n\n\n<li>conseils pour am\u00e9nager et \/ ou r\u00e9nover votre int\u00e9rieur facilement<\/li>\n\n\n\n<li><a href=\"https:\/\/www.cocondedecoration.com\/blog\/category\/shopping-deco\/\" target=\"_blank\" rel=\"noopener\" title=\"\">id\u00e9es shopping<\/a> pour vous faire gagner du temps<\/li>\n\n\n\n<li>tendances d\u00e9co pour varier les sources d\u2019inspirations<\/li>\n<\/ul>\n\n\n\n<p>Je ne fais pas les tendances, je les d\u00e9crypte pour vous. Gr\u00e2ce au blog, j\u2019ai la chance de les voir \u00e9voluer et je peux prendre du recul. M\u00eame si vous ne souhaitez pas un int\u00e9rieur qui coche toutes les cases des tendances actuelles, ce sont de formidables source d\u2019inspirations.<\/p>\n\n\n\n<p>Mes articles sont r\u00e9guli\u00e8rement mis \u00e0 jour. C'est un boulot titanesque vu qu'il y en a plus de 2000 \u00e0 votre disposition et que je suis seule \u00e0 m'en charger. Donc si vous tombez sur un article un peu d\u00e9suet, un peu de patience, il sera mis \u00e0 jour un de ces jours! <\/p>\n\n\n\n<h3 class=\"wp-block-heading\" id=\"aioseo-des-pistes-pour-un-quotidien-plus-slow\">Des pistes pour un quotidien plus slow<\/h3>\n\n\n\n<p>Vous verrez dans la petite histoire du blog qui suit que le slow living est un mode de vie que j\u2019ai adopt\u00e9 depuis plusieurs ann\u00e9es. Ca a \u00e9t\u00e9 une solution qui s\u2019est impos\u00e9e \u00e0 moi apr\u00e8s une p\u00e9riode de surmenage intense qui m\u2019a rendu zinzin (autrement dit j\u2019\u00e9tais au fond du trou). Dans le slow living, j\u2019y trouve un \u00e9quilibre. Et si vous aussi, vous \u00eates sur la br\u00e8che et que vous cherchez \u00e0 revenir \u00e0 l\u2019essentiel, vous trouverez de nombreuses pistes \u00e0 explorer:<\/p>\n\n\n\n<ul>\n<li>Art de la table et f\u00eates: prendre le temps de passer de bons moments avec ceux qu\u2019on aime<\/li>\n\n\n\n<li><a href=\"https:\/\/www.cocondedecoration.com\/blog\/category\/diy-et-decoration\/\" target=\"_blank\" rel=\"noopener\" title=\"\">DIY et loisirs cr\u00e9atifs<\/a>: prendre le temps de cr\u00e9er et de se ressourcer<\/li>\n\n\n\n<li>Journaling: prendre du temps pour soi en \u00e9crivant mais pas que!<\/li>\n\n\n\n<li>R\u00e9cup et Ikea Hack: consommer moins, donner une nouvelle vie aux objets<\/li>\n\n\n\n<li>Entretien de la maison: on n\u2019a pas le choix, le m\u00e9nage ne se fait pas tout seul. Vous trouverez des conseils et m\u00e9thodes pour nettoyer, ranger et d\u00e9sencombrer votre int\u00e9rieur.<\/li>\n\n\n\n<li>D\u00e9co de saison: que vous aimiez l\u2019hiver, le printemps, l\u2019\u00e9t\u00e9, <a href=\"https:\/\/www.cocondedecoration.com\/blog\/category\/decoration-dautomne\/\" target=\"_blank\" rel=\"noopener\" title=\"\">l\u2019automne<\/a>\u2026 chaque saison est source d\u2019inspiration pour parfaire sa d\u00e9co et repenser le confort.<\/li>\n\n\n\n<li>Made in France pour un int\u00e9rieur au plus proche de vos valeurs.<\/li>\n<\/ul>\n\n\n\n<figure class=\"wp-block-gallery has-nested-images columns-default is-cropped wp-block-gallery-1 is-layout-flex wp-block-gallery-is-layout-flex\">\n<figure class=\"wp-block-image\"><img loading=\"lazy\" decoding=\"async\" width=\"640\" height=\"960\" data-id=\"67826\" src=\"https:\/\/www.cocondedecoration.com\/blog\/wp-content\/uploads\/2023\/10\/julie-hembert-cocon-de-decoration-3-640x960.jpeg\" alt=\"\" class=\"wp-image-67826\" srcset=\"https:\/\/www.cocondedecoration.com\/blog\/wp-content\/uploads\/2023\/10\/julie-hembert-cocon-de-decoration-3-640x960.jpeg 640w, https:\/\/www.cocondedecoration.com\/blog\/wp-content\/uploads\/2023\/10\/julie-hembert-cocon-de-decoration-3-260x390.jpeg 260w, https:\/\/www.cocondedecoration.com\/blog\/wp-content\/uploads\/2023\/10\/julie-hembert-cocon-de-decoration-3-768x1152.jpeg 768w, https:\/\/www.cocondedecoration.com\/blog\/wp-content\/uploads\/2023\/10\/julie-hembert-cocon-de-decoration-3-367x550.jpeg 367w, https:\/\/www.cocondedecoration.com\/blog\/wp-content\/uploads\/2023\/10\/julie-hembert-cocon-de-decoration-3-333x500.jpeg 333w, https:\/\/www.cocondedecoration.com\/blog\/wp-content\/uploads\/2023\/10\/julie-hembert-cocon-de-decoration-3.jpeg 1000w\" sizes=\"(max-width: 640px) 100vw, 640px\" \/><\/figure>\n\n\n\n<figure class=\"wp-block-image\"><img loading=\"lazy\" decoding=\"async\" width=\"640\" height=\"960\" data-id=\"67827\" src=\"https:\/\/www.cocondedecoration.com\/blog\/wp-content\/uploads\/2023\/10\/julie-hembert-cocon-de-decoration-4-640x960.jpeg\" alt=\"\" class=\"wp-image-67827\" srcset=\"https:\/\/www.cocondedecoration.com\/blog\/wp-content\/uploads\/2023\/10\/julie-hembert-cocon-de-decoration-4-640x960.jpeg 640w, https:\/\/www.cocondedecoration.com\/blog\/wp-content\/uploads\/2023\/10\/julie-hembert-cocon-de-decoration-4-260x390.jpeg 260w, https:\/\/www.cocondedecoration.com\/blog\/wp-content\/uploads\/2023\/10\/julie-hembert-cocon-de-decoration-4-768x1152.jpeg 768w, https:\/\/www.cocondedecoration.com\/blog\/wp-content\/uploads\/2023\/10\/julie-hembert-cocon-de-decoration-4-367x550.jpeg 367w, https:\/\/www.cocondedecoration.com\/blog\/wp-content\/uploads\/2023\/10\/julie-hembert-cocon-de-decoration-4-333x500.jpeg 333w, https:\/\/www.cocondedecoration.com\/blog\/wp-content\/uploads\/2023\/10\/julie-hembert-cocon-de-decoration-4.jpeg 1000w\" sizes=\"(max-width: 640px) 100vw, 640px\" \/><\/figure>\n<\/figure>\n\n\n\n<h2 class=\"wp-block-heading\" id=\"aioseo-la-petite-histoire-du-blog\">La petite histoire du blog<\/h2>\n\n\n\n<p>Asseyez-vous confortablement dans votre fauteuil, prenez une bonne tasse de caf\u00e9 ou de chocolat chaud, allumez <a href=\"https:\/\/www.cocondedecoration.com\/blog\/2024\/11\/choisir-lampe-lecture-salon\/\" target=\"_blank\" rel=\"noopener\" title=\"\">la liseuse<\/a> pour que ce soit moins fatigant pour les yeux. Je vais vous raconter l\u2019histoire du blog.<\/p>\n\n\n\n<p>Tout remonte \u00e0 un temps lointain mais pas aussi vieux que les dinosaures (2008) o\u00f9 l\u2019h\u00e9ro\u00efne de l\u2019histoire (moi) \u00e9tait en plein questionnement existentiel. Le genre de questionnement pas tr\u00e8s dr\u00f4le que l\u2019on vit tous\u2022tes \u00e0 certaines \u00e9tapes clefs de sa vie. L\u2019h\u00e9ro\u00efne de l\u2019histoire avait clairement besoin d\u2019un passe-temps qui lui permettrait de sortir de la spirale infernale du deuil. Et c\u2019est de cette mani\u00e8re qu\u2019est n\u00e9 l\u2019anc\u00eatre de Cocon - le premier blog sur Canalblog (l\u2019h\u00e9ro\u00efne est si vieille que \u00e7a). <\/p>\n\n\n\n<p>A cette \u00e9poque, l\u2019h\u00e9ro\u00efne avait z\u00e9ro attrait pour tout ce qui \u00e9tait informatique, d\u2019ailleurs elle tapait sur un clavier avec deux doigts en cherchant les lettres. Elle se dit \u00e0 l\u2019\u00e9poque qu\u2019il pouvait \u00eatre sympa de parler d\u00e9co, c\u2019\u00e9tait un sujet qui l\u2019avait toujours int\u00e9ress\u00e9. Et comme notre h\u00e9ro\u00efne \u00e9tait plut\u00f4t du genre bavarde, cr\u00e9er un blog de d\u00e9co semblait \u00eatre une bonne id\u00e9e.<\/p>\n\n\n\n<p>Une chose en entrainant une autre, notre h\u00e9ro\u00efne arriva vite aux limites de Canalblog. Et en 2010 naquit Cocon - premier du nom. Un blog h\u00e9berg\u00e9 sur WordPress. Un nouvel univers s\u2019ouvrait \u00e0 elle., un nouvel univers de blog mais aussi une nouvelle mani\u00e8re d\u2019\u00e9crire parce que WordPress et Canalblog sont deux plateformes sensiblement diff\u00e9rentes. A cette \u00e9poque, notre h\u00e9ro\u00efne r\u00eavait aussi de cr\u00e9er son agence de d\u00e9coration et d\u2019architecture d\u2019int\u00e9rieurs mais elle n\u2019\u00e9tait pas tout \u00e0 fait pr\u00eate \u00e0 ce changement de vie.<\/p>\n\n\n\n<p>2011, ann\u00e9e fatidique pour notre h\u00e9ro\u00efne qui apprend qu\u2019elle a un cancer de la thyro\u00efde. Je vous rassure, maintenant tout va bien pour elle. Elle n\u2019a plus de thyro\u00efde, elle prend un petit comprim\u00e9 tous les matins et en g\u00e9n\u00e9ral, tout roule. En revanche, \u00e0 cette \u00e9poque, l\u2019h\u00e9ro\u00efne voit son quotidien chamboul\u00e9 par cette annonce et les traitements associ\u00e9s. <\/p>\n\n\n\n<p>Arr\u00eat maladie longue dur\u00e9e, une cure de calcium qui la cloue aux toilettes, un bouleversement hormonal monstrueux\u2026 Heureusement le blog est l\u00e0. Un rempart dans un quotidien fuck\u00e9. Suite \u00e0 cet arr\u00eat maladie qui laisse \u00e9norm\u00e9ment de temps pour refaire le monde, elle prend la d\u00e9cision de cr\u00e9er sa boite de d\u00e9co d\u00e8s que \u00e7a ira mieux.<\/p>\n\n\n\n<p>D\u00e9but 2012, la boite est cr\u00e9\u00e9e. Cocon prend une nouvelle forme. Celle que vous connaissez actuellement. Il changera plusieurs fois de design mais son coeur est la d\u00e9co et cela le restera. <\/p>\n\n\n\n<p>Pendant plusieurs ann\u00e9es, notre h\u00e9ro\u00efne m\u00e8nera tout de front: le blog, l\u2019entreprise, l\u2019accompagnement de clients pour cr\u00e9er un int\u00e9rieur qui leur ressemble et dans lequel ils se sentent bien, son quotidien avec des hauts et des bas hormonaux mais pas que\u2026 Une vraie h\u00e9ro\u00efne des temps modernes puisqu\u2019elle a fini sous anti-d\u00e9presseurs en 2015 et compl\u00e8tement ext\u00e9nu\u00e9e de tout. Le mot burn-out aurait pu se glisser dans l\u2019histoire mais l\u00e0 n\u2019est pas le sujet.<\/p>\n\n\n\n<p>Utilisant les derni\u00e8res forces qui lui restait, notre h\u00e9ro\u00efne prit une d\u00e9cision qui allait bouleverser sa vie. En 2016, son prince souvent charmant et elle partirent voir ailleurs si l\u2019herbe \u00e9tait plus verte. Spoiler, il n\u2019y a bien que dans le Kerala (dans le sud de l\u2019Inde) qu\u2019il fut possible de trouver un peu d\u2019herbe verte (et je parle bien de pelouse, pas d\u2019autre chose qu\u2019il est d\u2019ailleurs possible de trouver bien plus facilement qu\u2019un jardin vert et pas cram\u00e9 par la chaleur). <\/p>\n\n\n\n<p>L\u2019Inde - pays aussi fascinant soit-il - ne fut pas la destination. Juste une \u00e9tape. D\u2019ailleurs, notre h\u00e9ro\u00efne et son prince souvent charmant d\u00e9cid\u00e8rent de ne vivre que dans des \u00e9tapes. C\u2019est de cette mani\u00e8re qu\u2019ils sont devenus nomades. Dans cette vie de changements perp\u00e9tuels et de cultures vari\u00e9es, le blog et la d\u00e9coration furent et restent un pilier de l\u2019\u00e9quilibre de notre h\u00e9ro\u00efne qui ne se lasse pas d\u2019\u00e9crire et qui d\u2019ailleurs \u00e9crit chaque jour.<\/p>\n\n\n\n<p>2025, notre h\u00e9ro\u00efne vit une malencontreuse coupure de wifi \u00e0 cause d\u2019une violente temp\u00eate et se retrouve \u00e0 vous narrer cette histoire qu\u2019elle peut \u00e9crire hors ligne faute de pouvoir bosser sur un article o\u00f9 il serait r\u00e9ellement question de d\u00e9co. Le voyage apprend la patience! Et elle est tellement patiente (on va dire \u00e7a) qu'elle attendra 2026 pour poster cette mise \u00e0 jour. <\/p>\n\n\n\n<p>Bref, notre h\u00e9ro\u00efne est la seule blogueuse d\u00e9co sans chez elle mais elle le vit bien.<\/p>\n\n\n\n<figure class=\"wp-block-gallery has-nested-images columns-default is-cropped wp-block-gallery-2 is-layout-flex wp-block-gallery-is-layout-flex\">\n<figure class=\"wp-block-image\"><img loading=\"lazy\" decoding=\"async\" width=\"640\" height=\"960\" data-id=\"67828\" src=\"https:\/\/www.cocondedecoration.com\/blog\/wp-content\/uploads\/2023\/10\/julie-hembert-cocon-de-decoration-1-640x960.jpeg\" alt=\"\" class=\"wp-image-67828\" srcset=\"https:\/\/www.cocondedecoration.com\/blog\/wp-content\/uploads\/2023\/10\/julie-hembert-cocon-de-decoration-1-640x960.jpeg 640w, https:\/\/www.cocondedecoration.com\/blog\/wp-content\/uploads\/2023\/10\/julie-hembert-cocon-de-decoration-1-260x390.jpeg 260w, https:\/\/www.cocondedecoration.com\/blog\/wp-content\/uploads\/2023\/10\/julie-hembert-cocon-de-decoration-1-768x1152.jpeg 768w, https:\/\/www.cocondedecoration.com\/blog\/wp-content\/uploads\/2023\/10\/julie-hembert-cocon-de-decoration-1-367x550.jpeg 367w, https:\/\/www.cocondedecoration.com\/blog\/wp-content\/uploads\/2023\/10\/julie-hembert-cocon-de-decoration-1-333x500.jpeg 333w, https:\/\/www.cocondedecoration.com\/blog\/wp-content\/uploads\/2023\/10\/julie-hembert-cocon-de-decoration-1.jpeg 1000w\" sizes=\"(max-width: 640px) 100vw, 640px\" \/><\/figure>\n\n\n\n<figure class=\"wp-block-image\"><img loading=\"lazy\" decoding=\"async\" width=\"640\" height=\"960\" data-id=\"67829\" src=\"https:\/\/www.cocondedecoration.com\/blog\/wp-content\/uploads\/2023\/10\/julie-hembert-cocon-de-decoration-2-640x960.jpeg\" alt=\"\" class=\"wp-image-67829\" srcset=\"https:\/\/www.cocondedecoration.com\/blog\/wp-content\/uploads\/2023\/10\/julie-hembert-cocon-de-decoration-2-640x960.jpeg 640w, https:\/\/www.cocondedecoration.com\/blog\/wp-content\/uploads\/2023\/10\/julie-hembert-cocon-de-decoration-2-260x390.jpeg 260w, https:\/\/www.cocondedecoration.com\/blog\/wp-content\/uploads\/2023\/10\/julie-hembert-cocon-de-decoration-2-768x1152.jpeg 768w, https:\/\/www.cocondedecoration.com\/blog\/wp-content\/uploads\/2023\/10\/julie-hembert-cocon-de-decoration-2-367x550.jpeg 367w, https:\/\/www.cocondedecoration.com\/blog\/wp-content\/uploads\/2023\/10\/julie-hembert-cocon-de-decoration-2-333x500.jpeg 333w, https:\/\/www.cocondedecoration.com\/blog\/wp-content\/uploads\/2023\/10\/julie-hembert-cocon-de-decoration-2.jpeg 1000w\" sizes=\"(max-width: 640px) 100vw, 640px\" \/><\/figure>\n<\/figure>\n\n\n\n<h2 class=\"wp-block-heading\" id=\"aioseo-qui-suis-je\">Qui suis-je?<\/h2>\n\n\n\n<p>Je suis Julie, et, je suis une blogueuse presque anonyme. Je suis n\u00e9e \u00e0 une \u00e9poque qui est consid\u00e9r\u00e9e comme vintage (les ann\u00e9es 80). Normalement avec l\u2019histoire du blog, vous avez d\u00e9j\u00e0 appris plusieurs choses \u00e0 mon sujet:<\/p>\n\n\n\n<ul>\n<li>je tiens un blog de d\u00e9co depuis 2008<\/li>\n\n\n\n<li>je suis bavarde (\u00e7a se voit sur le blog mais aussi sur Threads)<\/li>\n\n\n\n<li>j\u2019ai \u00e9t\u00e9 d\u00e9coratrice d\u2019int\u00e9rieur plusieurs ann\u00e9es avant de quitter la France<\/li>\n\n\n\n<li>je suis nomade en Asie et donc je n\u2019ai pas de chez moi<\/li>\n\n\n\n<li>je parle de d\u00e9coration int\u00e9rieure et globalement de tout ce qui relatif \u00e0 l\u2019univers de la maison<\/li>\n\n\n\n<li>j\u2019aime \u00e9crire, j\u2019\u00e9cris beaucoup en ligne ou dans mon journal de voyage<\/li>\n\n\n\n<li>je n\u2019ai pas de licorne m\u00eame si j\u2019ai \u00e9crit l\u2019histoire du blog en imaginant en avoir une - parce qu\u2019une h\u00e9ro\u00efne avec une licorne, \u00e7a claque quand m\u00eame!<\/li>\n\n\n\n<li>j\u2019ai la chance de partager ma vie avec un prince souvent charmant qui s\u2019appelle Flo<\/li>\n<\/ul>\n\n\n\n<p>Que puis-je vous dire d\u2019autre? <a href=\"https:\/\/www.cocondedecoration.com\/blog\/category\/couleur-deco\/du-vert-dans-la-deco\/\" target=\"_blank\" rel=\"noopener\" title=\"\">J\u2019aime le vert<\/a>, les chats, les s\u00e9ries et les films (d\u2019ailleurs, vous pouvez aussi me lire sur <a href=\"https:\/\/www.atticawebzine.com\/a-propos\/julie\/\" target=\"_blank\" rel=\"noopener\" title=\"\">Attica Webzine<\/a>). J\u2019ai une formation en Lettres Modernes avec un amour tout singulier pour la syntaxe fran\u00e7aise contemporaine (la grammaire). On peut ajouter que j'ai un humour tr\u00e8s douteux (lourd) avec un r\u00e9pertoire de 4 blagues que je trouve tr\u00e8s dr\u00f4les (point de vue qui n\u2019est pas partag\u00e9 par mon conjoint).<\/p>\n\n\n\n<p>J\u2019ai un mode de vie qui est minimaliste (ma \u201cmaison\u201d tient dans un sac de voyage Eastpack \u00e0 roulettes). Je parle 4 mots de Tha\u00ef, 7 mots de Lao, 2 de Malais. Je parle couramment anglais par la force des choses. J\u2019ai des cheveux \u00e9tincelants (c\u2019est plus sympa que de dire qu\u2019ils sont blancs). J\u2019aime manger et je mange piment\u00e9 et \u00e9pic\u00e9. J\u2019ai tendance \u00e0 go\u00fbter des boissons cheloues. <\/p>\n\n\n\n<p>D\u2019ailleurs je vous recommande le caf\u00e9 noir froid jus d\u2019orange, c\u2019est super bon. Je ne vous recommande pas la Root Beer qui en plus d\u2019avoir un go\u00fbt chimique n\u2019a pas d\u2019alcool (quel int\u00e9r\u00eat?) J\u2019ai une copine qui m\u2019a fait go\u00fbter du Kombucha et qui r\u00eave de me faire go\u00fbter le matcha (mais je ne suis pas pr\u00eate, j\u2019aime le vert mais pas \u00e0 ce point). J\u2019ai aussi une \u00e9tonnante capacit\u00e9 \u00e0 partir en live (vous avez du vous en rendre compte) mais \u00e7a j\u2019y mets un frein quand j\u2019\u00e9cris des articles d\u00e9co. E<a href=\"http:\/\/xn--dco-bma.Et\">t<\/a> j\u2019ai failli oubli\u00e9, j\u2019adore les gros mots. Une vraie passion!<\/p>\n\n\n\n<h2 class=\"wp-block-heading\" id=\"aioseo-pourquoi-tenir-un-blog-deco-a-notre-epoque\">Pourquoi tenir un blog d\u00e9co \u00e0 notre \u00e9poque?<\/h2>\n\n\n\n<p>Revenons \u00e0 la d\u00e9co. J\u2019aime la question pourquoi (m\u00eame si mon master \u00e0 tourn\u00e9 autour de comment). Si je poursuis cette aventure qu\u2019est le blog depuis autant de temps, ce n\u2019est pas juste parce que je suis bavarde. C\u2019est avant tout une aventure bas\u00e9e sur le partage. Sur le blog, je partage avec vous un tas de choses: des inspirations, des conseils (je ne suis plus d\u00e9coratrice mais j\u2019ai encore les connaissances qui vont avec), des coups de coeur\u2026 Le but de mon blog est de vous donner toutes les cartes en main pour vous aider \u00e0 cr\u00e9er un int\u00e9rieur qui vous ressemble et dans lequel vous vous sentirez bien.<\/p>\n\n\n\n<p>On peut se demander l\u2019int\u00e9r\u00eat d\u2019un blog \u00e0 une \u00e9poque o\u00f9 les gens passent beaucoup de temps sur les r\u00e9seaux sociaux. Et pour ma part, il y a deux raisons essentielles: D\u2019une part, le blog me permet de vraiment d\u00e9velopper un sujet, une th\u00e9matique (ce qui n\u2019est pas souvent possible sur les r\u00e9seaux sociaux). D\u2019autre part, je n\u2019aime pas sp\u00e9cialement Instagram pour un tas de raisons. En revanche, si vous aimez les r\u00e9seaux sociaux, vous pouvez me suivre sur <a href=\"https:\/\/pinterest.fr\/cocondedeco\/\" target=\"_blank\" rel=\"noopener\" title=\"\">Pinterest<\/a> et \/ ou sur <a href=\"https:\/\/www.threads.com\/@cocondedeco\" target=\"_blank\" rel=\"noopener\" title=\"\">Threads<\/a>. Ce sont les 2 r\u00e9seaux sur lesquels je suis vraiment active. Je suis aussi sur Facebook et sur X (anciennement Twitter).<\/p>\n\n\n\n<p>Voil\u00e0, vous savez tout ou presque! Bravo si vous \u00eates arriv\u00e9\u2022e \u00e0 la fin de cette page \u00e0 propos! <br>Et si vous souhaitez recevoir r\u00e9guli\u00e8rement de mes nouvelles directement dans votre boite mail, vous pouvez <a href=\"https:\/\/www.patreon.com\/c\/cocondedeco\" target=\"_blank\" rel=\"noopener\" title=\"\">vous inscrire gratuitement sur Patreon<\/a>. <\/p>\n\n\n\n<p>Bisous <\/p>\n\n\n\n<p>Julie <\/p>\n\n\n\n<p class=\"has-small-font-size\">Maj f\u00e9vrier 2026<br>Source de l'image au d\u00e9but de la page: Eva Bronzini via Pexels<\/p>\n","protected":false},"excerpt":{"rendered":"<p>Vous vous demandez qui se cache derri\u00e8re le blog Cocon &#8211; d\u00e9coration et slow living? Quelle est son histoire? De quoi je parle? Je vous explique tout cela ! <span class=\"more-link\"><a href=\"https:\/\/www.cocondedecoration.com\/blog\/a-propos-de-cocon-de-decoration\/\">Lire la suite<\/a><\/span><\/p>\n","protected":false},"author":1,"featured_media":0,"parent":0,"menu_order":0,"comment_status":"open","ping_status":"open","template":"","meta":{"om_disable_all_campaigns":false,"_monsterinsights_skip_tracking":false,"_monsterinsights_sitenote_active":false,"_monsterinsights_sitenote_note":"","_monsterinsights_sitenote_category":0,"_uf_show_specific_survey":0,"_uf_disable_surveys":false,"footnotes":""},"aioseo_notices":[],"_links":{"self":[{"href":"https:\/\/www.cocondedecoration.com\/blog\/wp-json\/wp\/v2\/pages\/2191"}],"collection":[{"href":"https:\/\/www.cocondedecoration.com\/blog\/wp-json\/wp\/v2\/pages"}],"about":[{"href":"https:\/\/www.cocondedecoration.com\/blog\/wp-json\/wp\/v2\/types\/page"}],"author":[{"embeddable":true,"href":"https:\/\/www.cocondedecoration.com\/blog\/wp-json\/wp\/v2\/users\/1"}],"replies":[{"embeddable":true,"href":"https:\/\/www.cocondedecoration.com\/blog\/wp-json\/wp\/v2\/comments?post=2191"}],"version-history":[{"count":2,"href":"https:\/\/www.cocondedecoration.com\/blog\/wp-json\/wp\/v2\/pages\/2191\/revisions"}],"predecessor-version":[{"id":88006,"href":"https:\/\/www.cocondedecoration.com\/blog\/wp-json\/wp\/v2\/pages\/2191\/revisions\/88006"}],"wp:attachment":[{"href":"https:\/\/www.cocondedecoration.com\/blog\/wp-json\/wp\/v2\/media?parent=2191"}],"curies":[{"name":"wp","href":"https:\/\/api.w.org\/{rel}","templated":true}]}}