{"id":21675,"date":"2019-09-18T07:27:03","date_gmt":"2019-09-18T05:27:03","guid":{"rendered":"http:\/\/www.cocondedecoration.com\/blog\/?page_id=21675"},"modified":"2019-09-18T07:27:03","modified_gmt":"2019-09-18T05:27:03","slug":"minimalisme-et-slow-living","status":"publish","type":"page","link":"https:\/\/www.cocondedecoration.com\/blog\/minimalisme-et-slow-living\/","title":{"rendered":"Minimalisme et slow living"},"content":{"rendered":"<p style=\"text-align: justify;\">Sur cette page, je vous propose un petit bout de mon histoire et un bref r\u00e9capitulatif des diff\u00e9rents contenus que vous pouvez retrouver sur le blog. L'id\u00e9e est de vous accompagner au mieux dans une d\u00e9marche de minimalisme et \/ ou une d\u00e9marche slow. Je fais peu la diff\u00e9rence parce qu'\u00e0 mon sens l'un ne va pas sans l'autre. Dans mon esprit le minimalisme correspond plus \u00e0 la d\u00e9coration et au logement, alors que le slow correspond plus \u00e0 un \u00e9tat d'esprit. Dans les deux cas, <strong>on fait mieux avec moins!<\/strong><br \/>\nDans cette page, je vais aussi t\u00e2cher de vous montrer quel est mon parcours. Par ailleurs, vous pouvez venir ici sans crainte, je n'ai rien \u00e0 vous vendre: pas de bouquin, pas de formation, pas de coaching... D'autres le font, pas moi. Pr\u00f4ner le moins mais mieux mais vous inviter \u00e0 acheter, je trouve que c'est quand m\u00eame bien hypocrite! Je partage juste mon exp\u00e9rience et je la combine souvent avec mon expertise de la d\u00e9coration, pour vous aider \u00e0 trouver un rythme qui correspond plus \u00e0 vos attentes.<\/p>\n<h2 style=\"text-align: justify;\">[Vid\u00e9o] 5 raisons de devenir minimaliste<\/h2>\n<p style=\"text-align: justify;\">Vous \u00eates ind\u00e9cis(e), vous avez peur de te lancer dans un changement de vie drastique... Je vous rassure, <strong>devenir minimaliste peut se faire en douceur<\/strong>, \u00e0 un rythme qui est le votre. Bref, dans une courte vid\u00e9o, je vous propose de d\u00e9couvrir quelles sont <strong>les 5 raisons qui nous facilitent le quotidien<\/strong> quand on devient minimaliste. (Attention, si tu es au boulot, la vid\u00e9o a de la musique!)<\/p>\n<p><iframe loading=\"lazy\" src=\"https:\/\/www.youtube.com\/embed\/8qE0iAs_ems\" width=\"560\" height=\"315\" frameborder=\"0\" allowfullscreen=\"allowfullscreen\"><\/iframe><\/p>\n<h2 style=\"text-align: justify;\">Mon histoire avec le slow mouvement et le minimalisme<\/h2>\n<p style=\"text-align: justify;\"><strong>Rien ne me pr\u00e9destinait \u00e0 devenir minimaliste<\/strong>. J'aimais les objets - je les aime toujours mais diff\u00e9remment. Il y a quelques ann\u00e9es, j'ai eu plusieurs appartements. Plus ils \u00e9taient grands et plus j'entassais. <strong>J'\u00e9tais victime du on-ne-sait-jamais-\u00e7a-peut-servir<\/strong>. Vous n'imaginez pas le nombre de fois o\u00f9 j'ai essay\u00e9 de mettre mes affaires en ordre ou encore o\u00f9 j'ai essay\u00e9 de faire du tri. En m\u00eame temps, \u00e0 cette m\u00eame p\u00e9riode, mon train de vie s'est acc\u00e9l\u00e9r\u00e9. Je n'\u00e9tais pas une trader newyorkaise. Non, non. J'avais 3 boulots dont une entreprise \u00e0 faire tourner. Je vivais \u00e0 Dunkerque, dans le nord de la France. J'avais vraiment un quotidien qui pouvait ressembler \u00e0 celui de beaucoup de fran\u00e7ais(es). Ce quotidien m'a litt\u00e9ralement bouff\u00e9 la vie. <strong>J'ai essay\u00e9 de lev\u00e9 le pied \u00e0 plusieurs reprises, en vain<\/strong>. J'ai fini sous anti-d\u00e9presseurs \u00e0 32 ans.<br \/>\nEt puis, <strong>on a pris une d\u00e9cision d\u00e9cisive avec mon conjoint<\/strong>. On a tout quitt\u00e9. On est devenu nomades en Asie. (C'est aussi pourquoi je parle de voyage et de nomadisme sur le blog). Je peux t'assurer que <strong>tu revoies ton attachement aux objets quand tu dois les porter sur ton dos!<\/strong> La sc\u00e8ne peut faire rire, mais il y a une part de v\u00e9rit\u00e9. Evidemment, ma solution de tout quitter n'est pas celle qui correspond \u00e0 toutes et \u00e0 tous. En revanche, ce que j'ai appris ces derni\u00e8res ann\u00e9es, \u00e7a, \u00e7a peut peut-\u00eatre vous aider!<\/p>\n<p style=\"text-align: justify;\"><a href=\"http:\/\/www.cocondedecoration.com\/blog\/wp-content\/uploads\/2019\/09\/slow-living-minimalisme-experience.jpg\" target=\"_blank\" rel=\"noopener\"><img loading=\"lazy\" decoding=\"async\" class=\"aligncenter wp-image-21974 size-full\" title=\"slow living minimalisme experience\" src=\"http:\/\/www.cocondedecoration.com\/blog\/wp-content\/uploads\/2019\/09\/slow-living-minimalisme-experience.jpg\" alt=\"slow living minimalisme experience\" width=\"1200\" height=\"600\" srcset=\"https:\/\/www.cocondedecoration.com\/blog\/wp-content\/uploads\/2019\/09\/slow-living-minimalisme-experience.jpg 1200w, https:\/\/www.cocondedecoration.com\/blog\/wp-content\/uploads\/2019\/09\/slow-living-minimalisme-experience-260x130.jpg 260w, https:\/\/www.cocondedecoration.com\/blog\/wp-content\/uploads\/2019\/09\/slow-living-minimalisme-experience-768x384.jpg 768w, https:\/\/www.cocondedecoration.com\/blog\/wp-content\/uploads\/2019\/09\/slow-living-minimalisme-experience-640x320.jpg 640w, https:\/\/www.cocondedecoration.com\/blog\/wp-content\/uploads\/2019\/09\/slow-living-minimalisme-experience-1080x540.jpg 1080w\" sizes=\"(max-width: 1200px) 100vw, 1200px\" \/><\/a><\/p>\n<h2 style=\"text-align: justify;\">Minimalisme - donner du sens \u00e0 votre d\u00e9co<\/h2>\n<p style=\"text-align: justify;\">Initialement Cocon est un blog de d\u00e9co, j'\u00e9cris \u00e0 ce propos depuis 2010 ici. Pendant plusieurs ann\u00e9es j'ai aussi eu une agence de conseils en d\u00e9coration et architecture d'int\u00e9rieur. Je suis d\u00e9finitivement passionn\u00e9e de d\u00e9co. C'est pour cela qu'\u00e0 partir de 2018, j'ai eu envie de parler plus r\u00e9guli\u00e8rement de minimalisme avec mes lecteurs \/ lectrices. <strong>Quel est l'int\u00e9r\u00eat d'adopter une d\u00e9coration minimaliste? Comment y parvenir?<\/strong><br \/>\nCe qui est int\u00e9ressant avec le minimalisme, c'est que ce n'est pas juste une \u00e9ni\u00e8me nouvelle tendance. Oui c'est \u00e0 la mode en ce moment. Mais ce n'est pas une nouveaut\u00e9. Ce qui est int\u00e9ressant, c'est que le style \u00e9pur\u00e9 a \u00e9t\u00e9 remis au go\u00fbt du jour et il est dor\u00e9navant <strong>plus chaleureux et accessible<\/strong>. Ce qui est int\u00e9ressant, c'est que contrairement au style scandinave que tous les passionn\u00e9(e)s de d\u00e9co connaissent, ici, il ne suffit pas de reproduire des id\u00e9es trouv\u00e9es sur Pinterest et Instagram. <strong>Le minimalisme permet de mieux se connaitre et donner du sens \u00e0 sa d\u00e9co.<\/strong><\/p>\n<p style=\"text-align: center;\"><a href=\"http:\/\/www.cocondedecoration.com\/blog\/category\/tendances-deco\/deco-minimaliste-epuree\/\" target=\"_blank\" rel=\"noopener\">&gt;&gt;&gt; RETROUVEZ ICI TOUS LES ARTICLES D\u00c9DI\u00c9S AU MINIMALISME &lt;&lt;&lt;\u00a0<\/a><\/p>\n<p style=\"text-align: center;\"><a href=\"http:\/\/www.cocondedecoration.com\/blog\/category\/tendances-deco\/deco-minimaliste-epuree\/indipensables-deco-minimaliste\/\" target=\"_blank\" rel=\"noopener\">&gt;&gt;&gt; D\u00c9COUVREZ LES INDISPENSABLES MINIMALISTES POUR CHAQUE PI\u00c8CE &lt;&lt;&lt;\u00a0<\/a><\/p>\n<p style=\"text-align: justify;\"><a href=\"http:\/\/www.cocondedecoration.com\/blog\/wp-content\/uploads\/2019\/09\/slow-living-minimalisme-conseil.jpg\" target=\"_blank\" rel=\"noopener\"><img loading=\"lazy\" decoding=\"async\" class=\"aligncenter wp-image-21973 size-full\" title=\"slow living minimalisme conseil\" src=\"http:\/\/www.cocondedecoration.com\/blog\/wp-content\/uploads\/2019\/09\/slow-living-minimalisme-conseil.jpg\" alt=\"slow living minimalisme conseil\" width=\"1200\" height=\"600\" srcset=\"https:\/\/www.cocondedecoration.com\/blog\/wp-content\/uploads\/2019\/09\/slow-living-minimalisme-conseil.jpg 1200w, https:\/\/www.cocondedecoration.com\/blog\/wp-content\/uploads\/2019\/09\/slow-living-minimalisme-conseil-260x130.jpg 260w, https:\/\/www.cocondedecoration.com\/blog\/wp-content\/uploads\/2019\/09\/slow-living-minimalisme-conseil-768x384.jpg 768w, https:\/\/www.cocondedecoration.com\/blog\/wp-content\/uploads\/2019\/09\/slow-living-minimalisme-conseil-640x320.jpg 640w, https:\/\/www.cocondedecoration.com\/blog\/wp-content\/uploads\/2019\/09\/slow-living-minimalisme-conseil-1080x540.jpg 1080w\" sizes=\"(max-width: 1200px) 100vw, 1200px\" \/><\/a><\/p>\n<h2 style=\"text-align: justify;\">Slow living - pour un quotidien moins mais mieux<\/h2>\n<p style=\"text-align: justify;\">Comme je le disais plus haut, le slow est plus li\u00e9 \u00e0 l'art de vivre dans la mani\u00e8re dont je vois les choses. J'ai commenc\u00e9 \u00e0 m'y int\u00e9resser depuis plusieurs ann\u00e9es, mais <strong>j'ai eu beaucoup de mal \u00e0 le mettre en place<\/strong>. C'\u00e9tait un peu chim\u00e9rique. Et puis, mon choix de vie nous a impos\u00e9 de vivre plus lentement, ne pas surconsommer la vie que l'on avait choisie. Le moins mais mieux peut se d\u00e9cliner sous diff\u00e9rentes formes. Une fois encore on peut vraiment adapter cette philosophie de vie \u00e0 de nombreuses facettes de notre quotidien <strong>quand on se pose les bonnes questions<\/strong> et <strong>quand on ne cherche pas \u00e0 mettre la charrue avant les boeufs<\/strong>.<br \/>\nSur le blog, je m'int\u00e9resse aussi \u00e0 la question du temps. Etre slow est un autre rapport au temps. Par le pass\u00e9, je pouvais \u00eatre aussi organis\u00e9e que je le voulais, cela ne r\u00e9glait pas pour autant ma conception du temps qui passe. Adopter une attitude slow c'est aussi remettre en question notre rapport \u00e0 la temporalit\u00e9. J'ai commenc\u00e9 une s\u00e9rie d'articles justement pour traiter ce sujet avec plus de pr\u00e9cisions et essayer de vous apporter les r\u00e9ponses qui m'ont \u00e9t\u00e9 utiles dans mon cheminement.<\/p>\n<p style=\"text-align: center;\"><a href=\"http:\/\/www.cocondedecoration.com\/blog\/category\/slow-life\/\" target=\"_blank\" rel=\"noopener\">&gt;&gt;&gt; LIRE TOUS LES ARTICLES SLOW LIFE &lt;&lt;&lt;<\/a><\/p>\n<p style=\"text-align: justify;\"><a href=\"http:\/\/www.cocondedecoration.com\/blog\/wp-content\/uploads\/2019\/09\/slow-living-avoir-plus-de-temps.jpg\" target=\"_blank\" rel=\"noopener\"><img loading=\"lazy\" decoding=\"async\" class=\"aligncenter wp-image-21972 size-full\" title=\"slow living avoir plus de temps\" src=\"http:\/\/www.cocondedecoration.com\/blog\/wp-content\/uploads\/2019\/09\/slow-living-avoir-plus-de-temps.jpg\" alt=\"slow living avoir plus de temps\" width=\"1200\" height=\"600\" srcset=\"https:\/\/www.cocondedecoration.com\/blog\/wp-content\/uploads\/2019\/09\/slow-living-avoir-plus-de-temps.jpg 1200w, https:\/\/www.cocondedecoration.com\/blog\/wp-content\/uploads\/2019\/09\/slow-living-avoir-plus-de-temps-260x130.jpg 260w, https:\/\/www.cocondedecoration.com\/blog\/wp-content\/uploads\/2019\/09\/slow-living-avoir-plus-de-temps-768x384.jpg 768w, https:\/\/www.cocondedecoration.com\/blog\/wp-content\/uploads\/2019\/09\/slow-living-avoir-plus-de-temps-640x320.jpg 640w, https:\/\/www.cocondedecoration.com\/blog\/wp-content\/uploads\/2019\/09\/slow-living-avoir-plus-de-temps-1080x540.jpg 1080w\" sizes=\"(max-width: 1200px) 100vw, 1200px\" \/><\/a><\/p>\n<h2 style=\"text-align: justify;\">La newsletter slow - d'autres pistes et une approche personnelle<\/h2>\n<p style=\"text-align: justify;\">J'aime \u00e9crire sur le blog, mais le plaisir de la newsletter est diff\u00e9rent. Ce qu'il faut retenir en bref \u00e0 propos de la newsletter slow:<\/p>\n<ul style=\"text-align: justify;\">\n<li>Elle est envoy\u00e9e 1 fois \/ mois<\/li>\n<li>Elle vous donne <strong>des pistes pour adopter un mode de vie plus slow<\/strong><\/li>\n<li>Il y a des <strong>exercices pratiques<\/strong> \u00e0 r\u00e9aliser \u00e0 votre rythme et sans obligation<\/li>\n<li>Elle est <strong>gratuite<\/strong> et sans aucune obligation<\/li>\n<li><span style=\"text-decoration: underline;\"><a href=\"https:\/\/mailchi.mp\/65f093b387d5\/la-newsletter-minimaliste-9?e=[UNIQID]\" target=\"_blank\" rel=\"noopener\">Vous pouvez consulter un exemple d\u00e9j\u00e0 envoy\u00e9 ici<\/a><\/span><\/li>\n<\/ul>\n<p style=\"text-align: center;\"><a href=\"http:\/\/eepurl.com\/geZa2f\" target=\"_blank\" rel=\"noopener\">&gt;&gt;&gt; INSCRIVEZ-VOUS \u00c0 LA NEWSLETTER &lt;&lt;&lt;<\/a><a href=\"http:\/\/www.cocondedecoration.com\/blog\/wp-content\/uploads\/2019\/09\/minimalisme-conseils-pour-avoir-moins-mais-mieux.jpg\" target=\"_blank\" rel=\"noopener\"><img loading=\"lazy\" decoding=\"async\" class=\"aligncenter wp-image-21971 size-full\" title=\"minimalisme conseils pour avoir moins mais mieux\" src=\"http:\/\/www.cocondedecoration.com\/blog\/wp-content\/uploads\/2019\/09\/minimalisme-conseils-pour-avoir-moins-mais-mieux.jpg\" alt=\"minimalisme conseils pour avoir moins mais mieux\" width=\"1200\" height=\"600\" srcset=\"https:\/\/www.cocondedecoration.com\/blog\/wp-content\/uploads\/2019\/09\/minimalisme-conseils-pour-avoir-moins-mais-mieux.jpg 1200w, https:\/\/www.cocondedecoration.com\/blog\/wp-content\/uploads\/2019\/09\/minimalisme-conseils-pour-avoir-moins-mais-mieux-260x130.jpg 260w, https:\/\/www.cocondedecoration.com\/blog\/wp-content\/uploads\/2019\/09\/minimalisme-conseils-pour-avoir-moins-mais-mieux-768x384.jpg 768w, https:\/\/www.cocondedecoration.com\/blog\/wp-content\/uploads\/2019\/09\/minimalisme-conseils-pour-avoir-moins-mais-mieux-640x320.jpg 640w, https:\/\/www.cocondedecoration.com\/blog\/wp-content\/uploads\/2019\/09\/minimalisme-conseils-pour-avoir-moins-mais-mieux-1080x540.jpg 1080w\" sizes=\"(max-width: 1200px) 100vw, 1200px\" \/><\/a><\/p>\n<p>&nbsp;<\/p>\n<p>&nbsp;<\/p>\n<h2 style=\"text-align: justify;\">Pour aller plus loin dans la dynamique slow et minimale<\/h2>\n<p style=\"text-align: justify;\">Si vous avez d\u00e9j\u00e0 entam\u00e9 la d\u00e9marche, si vous \u00eates curieux(se), si vous souhaitez \u00eatre en ad\u00e9quation avec vos valeurs, j'ai juste deux points \u00e0 ajouter avant ed finir cette pr\u00e9sentation rapide.<\/p>\n<h3 style=\"text-align: justify;\">Mon Instagram en mode slow<\/h3>\n<p style=\"text-align: justify;\">Cela fait des ann\u00e9es que je suis sur Instagram, mais cela n'avait pas beaucoup de sens. En 2019, j'ai eu envie de partager un condens\u00e9 de mes centres d'int\u00e9r\u00eats sur cette plateforme. J'y parle donc de d\u00e9co, de voyage (autrement dit de mon quotidien) et de minimalisme. Sur ce dernier point c'est souvent un mix entre de l'inspiration d\u00e9co et une r\u00e9flexion que je me fais \u00e0 ce moment l\u00e0. Ce que j'aime aussi c'est qu'Instagram me permet d<strong>'\u00e9changer avec vous en commentaire et en message priv\u00e9<\/strong>. J'ai donc souvent des conversations int\u00e9ressantes. Je ne cherche pas les likes ou les comptes qui me suivent. Je pr\u00e9f\u00e8re les interactions et qu<strong>'on puisse \u00e9changer dans un univers le plus bienveillant possible<\/strong>.<\/p>\n<p style=\"text-align: center;\"><a href=\"https:\/\/www.instagram.com\/cocondedeco\/\" target=\"_blank\" rel=\"noopener\">&gt;&gt;&gt; REJOIGNEZ LA CONVERSATION SUR INSTRAGRAM &lt;&lt;&lt;\u00a0<\/a><\/p>\n<h3 style=\"text-align: justify;\">Tipeee une autre mani\u00e8re de concevoir le blogging<\/h3>\n<p style=\"text-align: justify;\">Pendant longtemps, je me suis demand\u00e9e comment je pouvais <strong>\u00eatre en ad\u00e9quation avec mes valeurs sur le blog<\/strong> et cela passe par le questionnement de la publicit\u00e9. Je sais qu'une grande partie de mes lecteurs se fichent pas mal d'avoir de la publicit\u00e9 ici. Personnellement, j'ai de plus en plus de mal \u00e0 la supporter notamment quand elle est invasive et m'emp\u00eache de profiter pleinement de ce que je lis. J'ai donc trouver une solution \u00e0 la publicit\u00e9. Tipeee est une plateforme de financement participatif sur laquelle vous pouvez soutenir mon travail gr\u00e2ce \u00e0 <strong>un pourboire mensuel<\/strong>. Mon deuxi\u00e8me objectif est de <strong>supprimer toute la publicit\u00e9 sur le blog<\/strong> et pouvoir vous offrir une m\u00e9dia ind\u00e9pendant. Tout est bien plus expliqu\u00e9 sur ma fiche tipeee. N'h\u00e9sitez pas \u00e0 y passer pour mieux comprendre ma d\u00e9marche.<\/p>\n<p style=\"text-align: center;\"><a href=\"https:\/\/fr.tipeee.com\/llifestylement-incorrect\" target=\"_blank\" rel=\"noopener\">&gt;&gt;&gt; D\u00c9COUVREZ MA FICHE TIPEEE &lt;&lt;&lt;\u00a0<\/a><\/p>\n<p style=\"text-align: justify;\">Pour conclure, j'esp\u00e8re qu'\u00e0 travers le blog vous trouverez des id\u00e9es pour lever le pied que ce soit dans votre d\u00e9co et cr\u00e9er un int\u00e9rieur moins mais mieux ou dans votre quotidien pour r\u00e9-apprivoiser le temps qui passe. N'h\u00e9sitez pas \u00e0 me dire en commentaire quels sont les points qui vous semblent difficiles \u00e0 surmonter, je serai ravie d'\u00e9changer avec vous \ud83d\ude42<\/p>\n","protected":false},"excerpt":{"rendered":"<p>Sur cette page, je vous propose un petit bout de mon histoire et un bref r\u00e9capitulatif des diff\u00e9rents contenus que vous pouvez retrouver sur le blog. L&rsquo;id\u00e9e est de vous accompagner au mieux dans une d\u00e9marche de minimalisme et \/ ou une d\u00e9marche slow. Je fais peu la diff\u00e9rence parce<span class=\"more-link\"><a href=\"https:\/\/www.cocondedecoration.com\/blog\/minimalisme-et-slow-living\/\">Lire la suite<\/a><\/span><\/p>\n","protected":false},"author":1,"featured_media":0,"parent":0,"menu_order":0,"comment_status":"closed","ping_status":"closed","template":"","meta":{"om_disable_all_campaigns":false,"_monsterinsights_skip_tracking":false,"_monsterinsights_sitenote_active":false,"_monsterinsights_sitenote_note":"","_monsterinsights_sitenote_category":0,"_uf_show_specific_survey":0,"_uf_disable_surveys":false,"footnotes":""},"aioseo_notices":[],"_links":{"self":[{"href":"https:\/\/www.cocondedecoration.com\/blog\/wp-json\/wp\/v2\/pages\/21675"}],"collection":[{"href":"https:\/\/www.cocondedecoration.com\/blog\/wp-json\/wp\/v2\/pages"}],"about":[{"href":"https:\/\/www.cocondedecoration.com\/blog\/wp-json\/wp\/v2\/types\/page"}],"author":[{"embeddable":true,"href":"https:\/\/www.cocondedecoration.com\/blog\/wp-json\/wp\/v2\/users\/1"}],"replies":[{"embeddable":true,"href":"https:\/\/www.cocondedecoration.com\/blog\/wp-json\/wp\/v2\/comments?post=21675"}],"version-history":[{"count":0,"href":"https:\/\/www.cocondedecoration.com\/blog\/wp-json\/wp\/v2\/pages\/21675\/revisions"}],"wp:attachment":[{"href":"https:\/\/www.cocondedecoration.com\/blog\/wp-json\/wp\/v2\/media?parent=21675"}],"curies":[{"name":"wp","href":"https:\/\/api.w.org\/{rel}","templated":true}]}}