{"id":11646,"date":"2015-11-22T19:42:48","date_gmt":"2015-11-22T17:42:48","guid":{"rendered":"http:\/\/www.cocondedecoration.com\/blog\/?page_id=11646"},"modified":"2018-07-14T10:28:11","modified_gmt":"2018-07-14T08:28:11","slug":"mentions-legales","status":"publish","type":"page","link":"https:\/\/www.cocondedecoration.com\/blog\/mentions-legales\/","title":{"rendered":"Mentions l\u00e9gales"},"content":{"rendered":"<p style=\"text-align: justify;\">Cocon de D\u00e9coration est \u00e9dit\u00e9 par Julie Hembert, sans domicile fixe internationale (nomade en Asie). Il est h\u00e9berg\u00e9 par la soci\u00e9t\u00e9\u00a0OVH, 2 rue Kellermann \u2013 59100 Roubaix \u2013 France.<\/p>\n<h4>Responsabilit\u00e9s<\/h4>\n<p style=\"text-align: justify;\">Cocon de D\u00e9coration met \u00e0 disposition des utilisateurs du contenu informatif gratuit. Il est de la responsabilit\u00e9 de l\u2019utilisateur de s\u2019assurer de la pertinence des contenus propos\u00e9s. L\u2019utilisateur ne pourra pas tenir pour responsable l\u2019\u00e9diteur du blog de toute utilisation des informations fournies.<\/p>\n<h4 style=\"text-align: justify;\">La newsletter<\/h4>\n<div style=\"text-align: justify;\">En vous inscrivant la newsletter, vous m\u2019autorisez \u00e0 vous envoyer des mails, r\u00e9guli\u00e8rement pour promouvoir le blog, promouvoir les actions men\u00e9es par le blog et promouvoir les partenaires avec qui je travaille.<\/div>\n<div style=\"text-align: justify;\"><span style=\"text-decoration: underline;\">H\u00e9bergement de vos informations<\/span>: Les informations que vous fournissez pour vous inscrire \u00e0 la newsletter sont h\u00e9berg\u00e9es sur Mailchimp. Pour r\u00e9pondre \u00e0 la nouvelle GPDR applicable en mai 2018, une nouvelle liste de diffusion a \u00e9t\u00e9 cr\u00e9\u00e9e. Si vous \u00e9tiez abonn\u00e9 \u00e0 l\u2019ancienne liste de diffusion, vous ne recevrez plus de newsletter de la part du blog \u00e0 partir de fin mai 2018.\u00a0L\u2019\u00e9diteur (moi) s\u2019engage \u00e0 ne jamais communiquer vos informations personnelles \u00e0 un tiers et \u00e0 ne pas les revendre.<\/div>\n<div style=\"text-align: justify;\"><span style=\"text-decoration: underline;\">D\u00e9sabonnement<\/span> : Vous pouvez \u00e0 tout moment vous d\u00e9sabonner de la newsletter en cliquant sur le lien fourni dans chacune des lettres d\u2019informations envoy\u00e9es. Vous pouvez aussi me contacter par mail pour que je retire votre adresse mail manuellement.<\/div>\n<div style=\"text-align: justify;\"><\/div>\n<h4 style=\"text-align: justify;\">Utilisation des cookies<\/h4>\n<div style=\"text-align: justify;\">Cocon - d\u00e9coration \u00a0et vie nomade utilise des cookies. En continuant la navigation sur le site, vous acceptez l\u2019utilisation des cookies.<\/div>\n<div style=\"text-align: justify;\"><span style=\"text-decoration: underline;\">Cookies pour les statistiques<\/span> : Afin de conna\u00eetre le nombres de lecteurs du blog, mais aussi leur sexe, leur tranche d\u2019\u00e2ge, leur position g\u00e9ographique et leurs d\u00e9placements sur le site, j\u2019utilise Google Analytics qui place un cookie sur \u00a0votre ordinateur (comme la plupart des sites que vous visitez).<\/div>\n<div style=\"text-align: justify;\"><span style=\"text-decoration: underline;\">Cookies pour les liens affili\u00e9s<\/span> : Certains articles du blog contiennent des liens affili\u00e9s compos\u00e9s le cookies. G\u00e9n\u00e9ralement la dur\u00e9e de ces cookies est de 30 jours.<\/div>\n<div style=\"text-align: justify;\"><span style=\"text-decoration: underline;\">Informations li\u00e9es aux cookies :<\/span> Les informations li\u00e9es au cookies ne sont pas conserv\u00e9es par Cocon - d\u00e9coration et vie nomade. Elles sont stock\u00e9es sur les diff\u00e9rentes plateformes utilis\u00e9es. Ce sont des plateformes europ\u00e9ennes, soumises \u00e0 la l\u00e9gislation europ\u00e9enne, au m\u00eame titre que le blog.\u00a0Les produits propos\u00e9s sont toujours en ad\u00e9quation avec la ligne \u00e9ditoriale et les valeurs de l\u2019\u00e9diteur. Que l\u2019utilisateur passe ou non par ces liens, cela n\u2019a aucune incidence sur les montants de la prestation propos\u00e9es. L\u2019utilisateur peut choisir \u00e0 tout moment de ne pas passer par ce lien d\u2019affili\u00e9.<\/div>\n<div style=\"text-align: justify;\"><\/div>\n<h4 style=\"text-align: justify;\">Copyright<\/h4>\n<div style=\"text-align: justify;\">La majorit\u00e9 des images sont issues du web. Le lien vers le site est disponible soit en cliquant sur l\u2019image, soit avec le lien source sous l\u2019image \u2013 pour les articles plus anciens. Il est interdit de les copier, reproduire ou redistribuer sous quelque forme que ce soit, \u00e0 moins d\u2019une autorisation pr\u00e9alable.<\/div>\n<div style=\"text-align: justify;\"><\/div>\n<div style=\"text-align: justify;\">MAJ mai 2018<\/div>\n","protected":false},"excerpt":{"rendered":"<p>Cocon de D\u00e9coration est \u00e9dit\u00e9 par Julie Hembert, sans domicile fixe internationale (nomade en Asie). Il est h\u00e9berg\u00e9 par la soci\u00e9t\u00e9\u00a0OVH, 2 rue Kellermann \u2013 59100 Roubaix \u2013 France. Responsabilit\u00e9s Cocon de D\u00e9coration met \u00e0 disposition des utilisateurs du contenu informatif gratuit. Il est de la responsabilit\u00e9 de l\u2019utilisateur de<span class=\"more-link\"><a href=\"https:\/\/www.cocondedecoration.com\/blog\/mentions-legales\/\">Lire la suite<\/a><\/span><\/p>\n","protected":false},"author":1,"featured_media":0,"parent":0,"menu_order":0,"comment_status":"closed","ping_status":"closed","template":"","meta":{"om_disable_all_campaigns":false,"_monsterinsights_skip_tracking":false,"_monsterinsights_sitenote_active":false,"_monsterinsights_sitenote_note":"","_monsterinsights_sitenote_category":0,"_uf_show_specific_survey":0,"_uf_disable_surveys":false,"footnotes":""},"aioseo_notices":[],"_links":{"self":[{"href":"https:\/\/www.cocondedecoration.com\/blog\/wp-json\/wp\/v2\/pages\/11646"}],"collection":[{"href":"https:\/\/www.cocondedecoration.com\/blog\/wp-json\/wp\/v2\/pages"}],"about":[{"href":"https:\/\/www.cocondedecoration.com\/blog\/wp-json\/wp\/v2\/types\/page"}],"author":[{"embeddable":true,"href":"https:\/\/www.cocondedecoration.com\/blog\/wp-json\/wp\/v2\/users\/1"}],"replies":[{"embeddable":true,"href":"https:\/\/www.cocondedecoration.com\/blog\/wp-json\/wp\/v2\/comments?post=11646"}],"version-history":[{"count":0,"href":"https:\/\/www.cocondedecoration.com\/blog\/wp-json\/wp\/v2\/pages\/11646\/revisions"}],"wp:attachment":[{"href":"https:\/\/www.cocondedecoration.com\/blog\/wp-json\/wp\/v2\/media?parent=11646"}],"curies":[{"name":"wp","href":"https:\/\/api.w.org\/{rel}","templated":true}]}}